{"id":12310,"date":"2022-04-22T16:53:24","date_gmt":"2022-04-22T15:53:24","guid":{"rendered":"https:\/\/belfama.com\/web\/?page_id=12310"},"modified":"2022-05-05T15:04:01","modified_gmt":"2022-05-05T14:04:01","slug":"legal-notice","status":"publish","type":"page","link":"https:\/\/belfama.com\/web\/pt\/legal-notice\/","title":{"rendered":"Aviso Legal"},"content":{"rendered":"<div data-elementor-type=\"wp-page\" data-elementor-id=\"12310\" class=\"elementor elementor-12310\">\n\t\t\t\t\t\t\t\t\t<section class=\"elementor-section elementor-top-section elementor-element elementor-element-58595ef elementor-section-boxed elementor-section-height-default elementor-section-height-default\" data-id=\"58595ef\" data-element_type=\"section\" data-settings=\"{&quot;background_background&quot;:&quot;classic&quot;,&quot;_ha_eqh_enable&quot;:false,&quot;ekit_has_onepagescroll_dot&quot;:&quot;yes&quot;}\">\n\t\t\t\t\t\t<div class=\"elementor-container elementor-column-gap-default\">\n\t\t\t\t\t<div class=\"elementor-column elementor-col-100 elementor-top-column elementor-element elementor-element-909c689\" data-id=\"909c689\" data-element_type=\"column\" data-settings=\"{&quot;background_background&quot;:&quot;classic&quot;}\">\n\t\t\t<div class=\"elementor-widget-wrap elementor-element-populated\">\n\t\t\t\t\t\t\t\t<div class=\"elementor-element elementor-element-bf1eca8 elementor-widget elementor-widget-heading\" data-id=\"bf1eca8\" data-element_type=\"widget\" data-settings=\"{&quot;ekit_we_effect_on&quot;:&quot;none&quot;}\" data-widget_type=\"heading.default\">\n\t\t\t\t<div class=\"elementor-widget-container\">\n\t\t\t<style>\/*! elementor - v3.10.1 - 17-01-2023 *\/\n.elementor-heading-title{padding:0;margin:0;line-height:1}.elementor-widget-heading .elementor-heading-title[class*=elementor-size-]>a{color:inherit;font-size:inherit;line-height:inherit}.elementor-widget-heading .elementor-heading-title.elementor-size-small{font-size:15px}.elementor-widget-heading .elementor-heading-title.elementor-size-medium{font-size:19px}.elementor-widget-heading .elementor-heading-title.elementor-size-large{font-size:29px}.elementor-widget-heading .elementor-heading-title.elementor-size-xl{font-size:39px}.elementor-widget-heading .elementor-heading-title.elementor-size-xxl{font-size:59px}<\/style><h2 class=\"elementor-heading-title elementor-size-default\">Aviso Legal<\/h2>\t\t<\/div>\n\t\t\t\t<\/div>\n\t\t\t\t<div class=\"elementor-element elementor-element-1b012c6 elementor-widget elementor-widget-text-editor\" data-id=\"1b012c6\" data-element_type=\"widget\" data-settings=\"{&quot;ekit_we_effect_on&quot;:&quot;none&quot;}\" data-widget_type=\"text-editor.default\">\n\t\t\t\t<div class=\"elementor-widget-container\">\n\t\t\t<style>\/*! elementor - v3.10.1 - 17-01-2023 *\/\n.elementor-widget-text-editor.elementor-drop-cap-view-stacked .elementor-drop-cap{background-color:#818a91;color:#fff}.elementor-widget-text-editor.elementor-drop-cap-view-framed .elementor-drop-cap{color:#818a91;border:3px solid;background-color:transparent}.elementor-widget-text-editor:not(.elementor-drop-cap-view-default) .elementor-drop-cap{margin-top:8px}.elementor-widget-text-editor:not(.elementor-drop-cap-view-default) .elementor-drop-cap-letter{width:1em;height:1em}.elementor-widget-text-editor .elementor-drop-cap{float:left;text-align:center;line-height:1;font-size:50px}.elementor-widget-text-editor .elementor-drop-cap-letter{display:inline-block}<\/style>\t\t\t\t<p>Ao aceder e consultar este site concorda sem restri\u00e7\u00f5es com as seguintes condi\u00e7\u00f5es de uso:<\/p><p>Todo o conte\u00fado deste site da Internet \u00e9 propriedade ou \u00e9 controlado pela empresa Belfama \u2013 Empresa T\u00eaxtil Lda. e est\u00e1 protegido pelas leis internacionais do copyright. Pode fazer download do conte\u00fado apenas para uso pessoal para fins n\u00e3o comerciais, mas n\u00e3o s\u00e3o permitidas a modifica\u00e7\u00e3o ou posterior reprodu\u00e7\u00e3o do conte\u00fado. De outro modo, o conte\u00fado n\u00e3o pode ser copiado ou usado de qualquer forma.<\/p><p>Os propriet\u00e1rios deste site far\u00e3o os poss\u00edveis para incluir informa\u00e7\u00e3o atualizada e exata neste site da Internet, mas n\u00e3o apresentam declara\u00e7\u00f5es, garantias ou certezas quanto \u00e0 exatid\u00e3o, aceita\u00e7\u00e3o, ou integridade da informa\u00e7\u00e3o disponibilizada.<\/p><p>Os propriet\u00e1rios deste site n\u00e3o poder\u00e3o ser responsabilizados por quaisquer danos ou preju\u00edzos resultantes do seu acesso, ou incapacidade de acesso, a este site da Internet, ou da sua depend\u00eancia em rela\u00e7\u00e3o a qualquer informa\u00e7\u00e3o fornecida neste site da Internet.<\/p><p>Este site da Internet pode apresentar links ou refer\u00eancias a outros sites, mas os propriet\u00e1rios deste site n\u00e3o t\u00eam qualquer responsabilidade pelo conte\u00fado de sites de Terceiros e n\u00e3o poder\u00e3o ser responsabilizados por quaisquer danos ou preju\u00edzos resultantes desses conte\u00fados. Quaisquer links para outros sites s\u00e3o apresentados meramente como uma comodidade para os utilizadores deste site da Internet. Qualquer informa\u00e7\u00e3o pessoal identific\u00e1vel em comunica\u00e7\u00f5es eletr\u00f3nicas para este site \u00e9 regulada pela Pol\u00edtica de Privacidade do mesmo.<\/p><p>Os propriet\u00e1rios deste site ser\u00e3o livres de usar ou copiar todas as outras informa\u00e7\u00f5es em tais comunica\u00e7\u00f5es, incluindo quaisquer ideias, inven\u00e7\u00f5es, conceitos, t\u00e9cnicas ou conhecimentos ali divulgados, para quaisquer fins. Tais fins podem incluir a divulga\u00e7\u00e3o a terceiros e\/ ou o desenvolvimento, fabrico e\/ ou a comercializa\u00e7\u00e3o de bens e servi\u00e7os.<\/p><p>O remetente de quaisquer comunica\u00e7\u00f5es para este site da Internet ou, de outro modo, para os propriet\u00e1rios deste site ser\u00e1 respons\u00e1vel pelo conte\u00fado e informa\u00e7\u00f5es ali contidas, incluindo a sua autenticidade e exatid\u00e3o.<\/p><p>O conte\u00fado deste site destina-se a ser um servi\u00e7o para os seus visitantes.<\/p><p>Em qualquer altura o propriet\u00e1rio ser\u00e1 livre de corrigir este site sem aviso pr\u00e9vio.<\/p>\t\t\t\t\t\t<\/div>\n\t\t\t\t<\/div>\n\t\t\t\t\t<\/div>\n\t\t<\/div>\n\t\t\t\t\t\t\t<\/div>\n\t\t<\/section>\n\t\t\t\t\t\t\t<\/div>","protected":false},"excerpt":{"rendered":"<p>Legal Notice By accessing and consulting this site you agree without restriction to the following conditions of use: All content on this website is owned or controlled by the company Belfama &#8211; Empresa T\u00eaxtil Lda. and is protected by international copyright laws. You may download the content only for personal use for non-commercial purposes, but [&hellip;]<\/p>","protected":false},"author":1,"featured_media":0,"parent":0,"menu_order":0,"comment_status":"closed","ping_status":"closed","template":"elementor_theme","meta":{"footnotes":""},"class_list":["post-12310","page","type-page","status-publish","hentry"],"yoast_head":"<!-- This site is optimized with the Yoast SEO Premium plugin v19.7 (Yoast SEO v19.14) - https:\/\/yoast.com\/wordpress\/plugins\/seo\/ -->\n<title>Legal Notice - BELFAMA \u2013 Empresa T\u00eaxtil, Lda.<\/title>\n<meta name=\"robots\" content=\"index, follow, max-snippet:-1, max-image-preview:large, max-video-preview:-1\" \/>\n<link rel=\"canonical\" href=\"https:\/\/belfama.com\/web\/pt\/legal-notice\/\" \/>\n<meta property=\"og:locale\" content=\"pt_PT\" \/>\n<meta property=\"og:type\" content=\"article\" \/>\n<meta property=\"og:title\" content=\"Legal Notice\" \/>\n<meta property=\"og:description\" content=\"Legal Notice By accessing and consulting this site you agree without restriction to the following conditions of use: All content on this website is owned or controlled by the company Belfama &#8211; Empresa T\u00eaxtil Lda. and is protected by international copyright laws. You may download the content only for personal use for non-commercial purposes, but [&hellip;]\" \/>\n<meta property=\"og:url\" content=\"https:\/\/belfama.com\/web\/pt\/legal-notice\/\" \/>\n<meta property=\"og:site_name\" content=\"BELFAMA \u2013 Empresa T\u00eaxtil, Lda.\" \/>\n<meta property=\"article:modified_time\" content=\"2022-05-05T14:04:01+00:00\" \/>\n<meta name=\"twitter:card\" content=\"summary_large_image\" \/>\n<meta name=\"twitter:label1\" content=\"Tempo estimado de leitura\" \/>\n\t<meta name=\"twitter:data1\" content=\"2 minutos\" \/>\n<script type=\"application\/ld+json\" class=\"yoast-schema-graph\">{\"@context\":\"https:\/\/schema.org\",\"@graph\":[{\"@type\":\"WebPage\",\"@id\":\"https:\/\/belfama.com\/web\/legal-notice\/\",\"url\":\"https:\/\/belfama.com\/web\/legal-notice\/\",\"name\":\"Legal Notice - BELFAMA \u2013 Empresa T\u00eaxtil, Lda.\",\"isPartOf\":{\"@id\":\"https:\/\/belfama.com\/web\/pt\/#website\"},\"datePublished\":\"2022-04-22T15:53:24+00:00\",\"dateModified\":\"2022-05-05T14:04:01+00:00\",\"breadcrumb\":{\"@id\":\"https:\/\/belfama.com\/web\/legal-notice\/#breadcrumb\"},\"inLanguage\":\"pt-PT\",\"potentialAction\":[{\"@type\":\"ReadAction\",\"target\":[\"https:\/\/belfama.com\/web\/legal-notice\/\"]}]},{\"@type\":\"BreadcrumbList\",\"@id\":\"https:\/\/belfama.com\/web\/legal-notice\/#breadcrumb\",\"itemListElement\":[{\"@type\":\"ListItem\",\"position\":1,\"name\":\"Home\",\"item\":\"https:\/\/belfama.com\/web\/\"},{\"@type\":\"ListItem\",\"position\":2,\"name\":\"Legal Notice\"}]},{\"@type\":\"WebSite\",\"@id\":\"https:\/\/belfama.com\/web\/pt\/#website\",\"url\":\"https:\/\/belfama.com\/web\/pt\/\",\"name\":\"BELFAMA \u2013 Empresa T\u00eaxtil, Lda.\",\"description\":\"Since 1959\",\"publisher\":{\"@id\":\"https:\/\/belfama.com\/web\/pt\/#organization\"},\"potentialAction\":[{\"@type\":\"SearchAction\",\"target\":{\"@type\":\"EntryPoint\",\"urlTemplate\":\"https:\/\/belfama.com\/web\/pt\/?s={search_term_string}\"},\"query-input\":\"required name=search_term_string\"}],\"inLanguage\":\"pt-PT\"},{\"@type\":\"Organization\",\"@id\":\"https:\/\/belfama.com\/web\/pt\/#organization\",\"name\":\"Belfama\",\"url\":\"https:\/\/belfama.com\/web\/pt\/\",\"logo\":{\"@type\":\"ImageObject\",\"inLanguage\":\"pt-PT\",\"@id\":\"https:\/\/belfama.com\/web\/pt\/#\/schema\/logo\/image\/\",\"url\":\"https:\/\/belfama.com\/web\/wp-content\/uploads\/2022\/03\/Belfama_logo.png\",\"contentUrl\":\"https:\/\/belfama.com\/web\/wp-content\/uploads\/2022\/03\/Belfama_logo.png\",\"width\":1200,\"height\":581,\"caption\":\"Belfama\"},\"image\":{\"@id\":\"https:\/\/belfama.com\/web\/pt\/#\/schema\/logo\/image\/\"}}]}<\/script>\n<!-- \/ Yoast SEO Premium plugin. -->","yoast_head_json":{"title":"Legal Notice - BELFAMA \u2013 Empresa T\u00eaxtil, Lda.","robots":{"index":"index","follow":"follow","max-snippet":"max-snippet:-1","max-image-preview":"max-image-preview:large","max-video-preview":"max-video-preview:-1"},"canonical":"https:\/\/belfama.com\/web\/pt\/legal-notice\/","og_locale":"pt_PT","og_type":"article","og_title":"Legal Notice","og_description":"Legal Notice By accessing and consulting this site you agree without restriction to the following conditions of use: All content on this website is owned or controlled by the company Belfama &#8211; Empresa T\u00eaxtil Lda. and is protected by international copyright laws. You may download the content only for personal use for non-commercial purposes, but [&hellip;]","og_url":"https:\/\/belfama.com\/web\/pt\/legal-notice\/","og_site_name":"BELFAMA \u2013 Empresa T\u00eaxtil, Lda.","article_modified_time":"2022-05-05T14:04:01+00:00","twitter_card":"summary_large_image","twitter_misc":{"Tempo estimado de leitura":"2 minutos"},"schema":{"@context":"https:\/\/schema.org","@graph":[{"@type":"WebPage","@id":"https:\/\/belfama.com\/web\/legal-notice\/","url":"https:\/\/belfama.com\/web\/legal-notice\/","name":"Legal Notice - BELFAMA \u2013 Empresa T\u00eaxtil, Lda.","isPartOf":{"@id":"https:\/\/belfama.com\/web\/pt\/#website"},"datePublished":"2022-04-22T15:53:24+00:00","dateModified":"2022-05-05T14:04:01+00:00","breadcrumb":{"@id":"https:\/\/belfama.com\/web\/legal-notice\/#breadcrumb"},"inLanguage":"pt-PT","potentialAction":[{"@type":"ReadAction","target":["https:\/\/belfama.com\/web\/legal-notice\/"]}]},{"@type":"BreadcrumbList","@id":"https:\/\/belfama.com\/web\/legal-notice\/#breadcrumb","itemListElement":[{"@type":"ListItem","position":1,"name":"Home","item":"https:\/\/belfama.com\/web\/"},{"@type":"ListItem","position":2,"name":"Legal Notice"}]},{"@type":"WebSite","@id":"https:\/\/belfama.com\/web\/pt\/#website","url":"https:\/\/belfama.com\/web\/pt\/","name":"BELFAMA \u2013 Empresa T\u00eaxtil, Lda.","description":"Since 1959","publisher":{"@id":"https:\/\/belfama.com\/web\/pt\/#organization"},"potentialAction":[{"@type":"SearchAction","target":{"@type":"EntryPoint","urlTemplate":"https:\/\/belfama.com\/web\/pt\/?s={search_term_string}"},"query-input":"required name=search_term_string"}],"inLanguage":"pt-PT"},{"@type":"Organization","@id":"https:\/\/belfama.com\/web\/pt\/#organization","name":"Belfama","url":"https:\/\/belfama.com\/web\/pt\/","logo":{"@type":"ImageObject","inLanguage":"pt-PT","@id":"https:\/\/belfama.com\/web\/pt\/#\/schema\/logo\/image\/","url":"https:\/\/belfama.com\/web\/wp-content\/uploads\/2022\/03\/Belfama_logo.png","contentUrl":"https:\/\/belfama.com\/web\/wp-content\/uploads\/2022\/03\/Belfama_logo.png","width":1200,"height":581,"caption":"Belfama"},"image":{"@id":"https:\/\/belfama.com\/web\/pt\/#\/schema\/logo\/image\/"}}]}},"_links":{"self":[{"href":"https:\/\/belfama.com\/web\/pt\/wp-json\/wp\/v2\/pages\/12310","targetHints":{"allow":["GET"]}}],"collection":[{"href":"https:\/\/belfama.com\/web\/pt\/wp-json\/wp\/v2\/pages"}],"about":[{"href":"https:\/\/belfama.com\/web\/pt\/wp-json\/wp\/v2\/types\/page"}],"author":[{"embeddable":true,"href":"https:\/\/belfama.com\/web\/pt\/wp-json\/wp\/v2\/users\/1"}],"replies":[{"embeddable":true,"href":"https:\/\/belfama.com\/web\/pt\/wp-json\/wp\/v2\/comments?post=12310"}],"version-history":[{"count":0,"href":"https:\/\/belfama.com\/web\/pt\/wp-json\/wp\/v2\/pages\/12310\/revisions"}],"wp:attachment":[{"href":"https:\/\/belfama.com\/web\/pt\/wp-json\/wp\/v2\/media?parent=12310"}],"curies":[{"name":"wp","href":"https:\/\/api.w.org\/{rel}","templated":true}]}}