{"id":12281,"date":"2022-04-22T15:49:53","date_gmt":"2022-04-22T14:49:53","guid":{"rendered":"https:\/\/belfama.com\/web\/?page_id=12281"},"modified":"2022-05-05T14:58:36","modified_gmt":"2022-05-05T13:58:36","slug":"privacy-policy","status":"publish","type":"page","link":"https:\/\/belfama.com\/web\/pt\/privacy-policy\/","title":{"rendered":"Pol\u00edtica de Privacidade"},"content":{"rendered":"<div data-elementor-type=\"wp-page\" data-elementor-id=\"12281\" class=\"elementor elementor-12281\">\n\t\t\t\t\t\t\t\t\t<section class=\"elementor-section elementor-top-section elementor-element elementor-element-58595ef elementor-section-boxed elementor-section-height-default elementor-section-height-default\" data-id=\"58595ef\" data-element_type=\"section\" data-settings=\"{&quot;background_background&quot;:&quot;classic&quot;,&quot;_ha_eqh_enable&quot;:false,&quot;ekit_has_onepagescroll_dot&quot;:&quot;yes&quot;}\">\n\t\t\t\t\t\t<div class=\"elementor-container elementor-column-gap-default\">\n\t\t\t\t\t<div class=\"elementor-column elementor-col-100 elementor-top-column elementor-element elementor-element-909c689\" data-id=\"909c689\" data-element_type=\"column\" data-settings=\"{&quot;background_background&quot;:&quot;classic&quot;}\">\n\t\t\t<div class=\"elementor-widget-wrap elementor-element-populated\">\n\t\t\t\t\t\t\t\t<div class=\"elementor-element elementor-element-bf1eca8 elementor-widget elementor-widget-heading\" data-id=\"bf1eca8\" data-element_type=\"widget\" data-settings=\"{&quot;ekit_we_effect_on&quot;:&quot;none&quot;}\" data-widget_type=\"heading.default\">\n\t\t\t\t<div class=\"elementor-widget-container\">\n\t\t\t<style>\/*! elementor - v3.10.1 - 17-01-2023 *\/\n.elementor-heading-title{padding:0;margin:0;line-height:1}.elementor-widget-heading .elementor-heading-title[class*=elementor-size-]>a{color:inherit;font-size:inherit;line-height:inherit}.elementor-widget-heading .elementor-heading-title.elementor-size-small{font-size:15px}.elementor-widget-heading .elementor-heading-title.elementor-size-medium{font-size:19px}.elementor-widget-heading .elementor-heading-title.elementor-size-large{font-size:29px}.elementor-widget-heading .elementor-heading-title.elementor-size-xl{font-size:39px}.elementor-widget-heading .elementor-heading-title.elementor-size-xxl{font-size:59px}<\/style><h2 class=\"elementor-heading-title elementor-size-default\">Pol\u00edtica de Privacidade<\/h2>\t\t<\/div>\n\t\t\t\t<\/div>\n\t\t\t\t<div class=\"elementor-element elementor-element-a598481 elementor-widget elementor-widget-heading\" data-id=\"a598481\" data-element_type=\"widget\" data-settings=\"{&quot;ekit_we_effect_on&quot;:&quot;none&quot;}\" data-widget_type=\"heading.default\">\n\t\t\t\t<div class=\"elementor-widget-container\">\n\t\t\t<div class=\"elementor-heading-title elementor-size-default\">RECOLHA E USO DE INFORMA\u00c7\u00d5ES<\/div>\t\t<\/div>\n\t\t\t\t<\/div>\n\t\t\t\t<div class=\"elementor-element elementor-element-23b5d42 elementor-widget elementor-widget-text-editor\" data-id=\"23b5d42\" data-element_type=\"widget\" data-settings=\"{&quot;ekit_we_effect_on&quot;:&quot;none&quot;}\" data-widget_type=\"text-editor.default\">\n\t\t\t\t<div class=\"elementor-widget-container\">\n\t\t\t<style>\/*! elementor - v3.10.1 - 17-01-2023 *\/\n.elementor-widget-text-editor.elementor-drop-cap-view-stacked .elementor-drop-cap{background-color:#818a91;color:#fff}.elementor-widget-text-editor.elementor-drop-cap-view-framed .elementor-drop-cap{color:#818a91;border:3px solid;background-color:transparent}.elementor-widget-text-editor:not(.elementor-drop-cap-view-default) .elementor-drop-cap{margin-top:8px}.elementor-widget-text-editor:not(.elementor-drop-cap-view-default) .elementor-drop-cap-letter{width:1em;height:1em}.elementor-widget-text-editor .elementor-drop-cap{float:left;text-align:center;line-height:1;font-size:50px}.elementor-widget-text-editor .elementor-drop-cap-letter{display:inline-block}<\/style>\t\t\t\t<p>A presente Pol\u00edtica de Privacidade regula a pol\u00edtica de navega\u00e7\u00e3o e utiliza\u00e7\u00e3o de cookies, bem como o tratamento de dados de car\u00e1cter pessoal realizado no website www.belfama.com (doravante tamb\u00e9m designado por \"site\").<\/p><p>A utiliza\u00e7\u00e3o do site atribui a condi\u00e7\u00e3o de utilizador (doravante tamb\u00e9m designado por o \"utilizador\") e implica o conhecimento e a aceita\u00e7\u00e3o de todas as condi\u00e7\u00f5es inclu\u00eddas nesta Pol\u00edtica de Privacidade.<br \/>O utilizador deve ler atentamente a presente Pol\u00edtica de Privacidade sempre que se propuser utilizar o site, j\u00e1 que esta pode sofrer modifica\u00e7\u00f5es.<\/p><p>A Belfama \u2013 Empresa T\u00eaxtil, Lda, leva a s\u00e9rio as obriga\u00e7\u00f5es para proteger a sua privacidade e os seus dados pessoais. O objetivo desta Pol\u00edtica de Privacidade \u00e9 inform\u00e1-lo sobre que dados s\u00e3o recolhidos, como podemos usar tais informa\u00e7\u00f5es, e como a informa\u00e7\u00e3o pode ser corrigida ou alterada.<\/p><p>No cumprimento da Lei n\u00ba 67\/98 de 26 de Outubro, sobre a Prote\u00e7\u00e3o de Dados Pessoais, informamos que o tratamento dos dados pessoais recolhidos no site \u00e9 da responsabilidade da Belfama \u2013 Empresa T\u00eaxtil, Lda.<\/p><p>A recolha de dados significa que o seu nome, endere\u00e7o, n\u00famero de telefone, endere\u00e7o de correio eletr\u00f3nico, destinam-se a comunica\u00e7\u00e3o com os clientes, processamento de pedidos de informa\u00e7\u00e3o e de eventuais reclama\u00e7\u00f5es, an\u00e1lise estat\u00edstica, bem como a respetiva utiliza\u00e7\u00e3o para efeitos de marketing direto.<\/p><p>NOTA: A sua informa\u00e7\u00e3o \u00e9 rigorosamente CONFIDENCIAL e apenas com o seu consentimento poder\u00e1 ser compartilhada ou transferida para entidades terceiras.<\/p>\t\t\t\t\t\t<\/div>\n\t\t\t\t<\/div>\n\t\t\t\t<div class=\"elementor-element elementor-element-785dade elementor-widget elementor-widget-heading\" data-id=\"785dade\" data-element_type=\"widget\" data-settings=\"{&quot;ekit_we_effect_on&quot;:&quot;none&quot;}\" data-widget_type=\"heading.default\">\n\t\t\t\t<div class=\"elementor-widget-container\">\n\t\t\t<div class=\"elementor-heading-title elementor-size-default\">SEGURAN\u00c7A DOS SEUS DADOS PESSOAIS<\/div>\t\t<\/div>\n\t\t\t\t<\/div>\n\t\t\t\t<div class=\"elementor-element elementor-element-166750e elementor-widget elementor-widget-text-editor\" data-id=\"166750e\" data-element_type=\"widget\" data-settings=\"{&quot;ekit_we_effect_on&quot;:&quot;none&quot;}\" data-widget_type=\"text-editor.default\">\n\t\t\t\t<div class=\"elementor-widget-container\">\n\t\t\t\t\t\t\t<p>O utilizador tem sempre a op\u00e7\u00e3o de aceitar ou rejeitar as condi\u00e7\u00f5es legais pelas quais facultar\u00e1 esses dados. Em caso de concord\u00e2ncia, esses dados s\u00e3o facultados pelo utilizador sempre de forma volunt\u00e1ria, com indica\u00e7\u00e3o pr\u00e9via para o efeito no quadro correspondente.<\/p><p>O utilizador tem o direito a aceder, em qualquer momento, a esta informa\u00e7\u00e3o, podendo retific\u00e1-la, cancel\u00e1-la e opor-se \u00e0 mesma. Al\u00e9m disso, pode pedir a qualquer altura para n\u00e3o ser mais contactado para fins de marketing direto.<\/p><p>O utilizador pode exercer estes direitos, enviando o respetivo pedido para o endere\u00e7o de correio eletr\u00f3nico belfama@belfama.com.<\/p>\t\t\t\t\t\t<\/div>\n\t\t\t\t<\/div>\n\t\t\t\t<div class=\"elementor-element elementor-element-c748850 elementor-widget elementor-widget-heading\" data-id=\"c748850\" data-element_type=\"widget\" data-settings=\"{&quot;ekit_we_effect_on&quot;:&quot;none&quot;}\" data-widget_type=\"heading.default\">\n\t\t\t\t<div class=\"elementor-widget-container\">\n\t\t\t<div class=\"elementor-heading-title elementor-size-default\">COOKIES<\/div>\t\t<\/div>\n\t\t\t\t<\/div>\n\t\t\t\t<div class=\"elementor-element elementor-element-3330410 elementor-widget elementor-widget-text-editor\" data-id=\"3330410\" data-element_type=\"widget\" data-settings=\"{&quot;ekit_we_effect_on&quot;:&quot;none&quot;}\" data-widget_type=\"text-editor.default\">\n\t\t\t\t<div class=\"elementor-widget-container\">\n\t\t\t\t\t\t\t<p>O site usa \"cookies\". Um cookie \u00e9 uma pequena quantidade de dados enviados do servidor para o seu browser e s\u00e3o armazenados no disco r\u00edgido do seu computador. Geralmente, usamos cookies para nos permitir rastrear suas visitas ao nosso site e para facilitar o processo de compras. Sempre que necess\u00e1rio, pediremos o seu consentimento.<\/p><p>Pode configurar seu navegador para notific\u00e1-lo quando receber um cookie para que voc\u00ea possa decidir se o aceita ou n\u00e3o. Voc\u00ea tamb\u00e9m pode optar por desativar os cookies, mas n\u00e3o ser\u00e1 capaz de usufruir de todos os servi\u00e7os do site.<\/p><p>Para mais informa\u00e7\u00f5es, por favor consulte a nossa Pol\u00edtica de Cookies.<\/p>\t\t\t\t\t\t<\/div>\n\t\t\t\t<\/div>\n\t\t\t\t<div class=\"elementor-element elementor-element-34d5711 elementor-widget elementor-widget-heading\" data-id=\"34d5711\" data-element_type=\"widget\" data-settings=\"{&quot;ekit_we_effect_on&quot;:&quot;none&quot;}\" data-widget_type=\"heading.default\">\n\t\t\t\t<div class=\"elementor-widget-container\">\n\t\t\t<div class=\"elementor-heading-title elementor-size-default\">PROPRIEDADE INTELECTUAL E COPYRIGHT<\/div>\t\t<\/div>\n\t\t\t\t<\/div>\n\t\t\t\t<div class=\"elementor-element elementor-element-766925f elementor-widget elementor-widget-text-editor\" data-id=\"766925f\" data-element_type=\"widget\" data-settings=\"{&quot;ekit_we_effect_on&quot;:&quot;none&quot;}\" data-widget_type=\"text-editor.default\">\n\t\t\t\t<div class=\"elementor-widget-container\">\n\t\t\t\t\t\t\t<p>Toda a informa\u00e7\u00e3o contida neste site, o seu desenho gr\u00e1fico, bem como o seu c\u00f3digo fonte, constituem uma obra cuja propriedade intelectual pertence \u00e0 Belfama \u2013 Empresa T\u00eaxtil, Lda.<\/p><p>A distribui\u00e7\u00e3o, modifica\u00e7\u00e3o, ced\u00eancia, comunica\u00e7\u00e3o p\u00fablica e qualquer outro ato que n\u00e3o tenha sido expressamente autorizado pelo titular dos direitos de explora\u00e7\u00e3o est\u00e3o proibidos.<\/p><p>Os nomes de dom\u00ednio www.belfama.com  s\u00e3o propriedade da Belfama \u2013 Empresa T\u00eaxtil, Lda e n\u00e3o podem ser utilizados de alguma forma que possa causar confus\u00e3o entre os nossos clientes e\/ou o descr\u00e9dito da empresa.<\/p>\t\t\t\t\t\t<\/div>\n\t\t\t\t<\/div>\n\t\t\t\t<div class=\"elementor-element elementor-element-a04923e elementor-widget elementor-widget-heading\" data-id=\"a04923e\" data-element_type=\"widget\" data-settings=\"{&quot;ekit_we_effect_on&quot;:&quot;none&quot;}\" data-widget_type=\"heading.default\">\n\t\t\t\t<div class=\"elementor-widget-container\">\n\t\t\t<div class=\"elementor-heading-title elementor-size-default\">LIMITA\u00c7\u00c3O DE RESPONSABILIDADES<\/div>\t\t<\/div>\n\t\t\t\t<\/div>\n\t\t\t\t<div class=\"elementor-element elementor-element-a7a0c34 elementor-widget elementor-widget-text-editor\" data-id=\"a7a0c34\" data-element_type=\"widget\" data-settings=\"{&quot;ekit_we_effect_on&quot;:&quot;none&quot;}\" data-widget_type=\"text-editor.default\">\n\t\t\t\t<div class=\"elementor-widget-container\">\n\t\t\t\t\t\t\t<p>A Belfama \u2013 Empresa T\u00eaxtil, Lda, fica exonerada de qualquer responsabilidade decorrente do seguinte: falhas no site causadas por motivos de for\u00e7a maior, casos fortuitos ou outras causas n\u00e3o imput\u00e1veis \u00e0 mesma, problemas t\u00e9cnicos e\/ou mec\u00e2nicos, v\u00edrus \u201cproduzidos\u201d durante a liga\u00e7\u00e3o \u00e0 internet quer seja atrav\u00e9s do site ou de sites de terceiros, nos sistemas inform\u00e1ticos (software e hardware), nos documentos e ficheiros eletr\u00f3nicos armazenados nos equipamentos inform\u00e1ticos, acesso de menores de idade aos conte\u00fados inclu\u00eddos no site, sendo da responsabilidade dos respetivos progenitores ou tutores exercer um controlo adequado sobre a atividade dos filhos ou menores \u00e0 sua guarda.<\/p><p>A Belfama \u2013 Empresa T\u00eaxtil, Lda, n\u00e3o se responsabiliza por atos fraudulentos, especulativos ou de m\u00e1-f\u00e9 na utiliza\u00e7\u00e3o deste servi\u00e7o.<\/p><p>O site www.belfama.com pode fornecer links para outros websites. Por favor, esteja ciente de que a partir do momento em que deixa o nosso site e entra noutro, pode estar sujeito a diferentes pr\u00e1ticas de privacidade e pol\u00edticas sobre as quais a nossa empresa, n\u00e3o tem qualquer controlo e pelos quais n\u00e3o \u00e9 respons\u00e1vel pela veracidade, atualiza\u00e7\u00e3o e licitude dos conte\u00fados das p\u00e1ginas que, consoante o caso, sejam sugeridas pela empresa ou apare\u00e7am ligadas e dessa forma fica ao crit\u00e9rio do utilizador aceit\u00e1-las ou n\u00e3o.<\/p><p>A Belfama \u2013 Empresa T\u00eaxtil, Lda, n\u00e3o \u00e9 respons\u00e1vel pelas comunica\u00e7\u00f5es que, incluindo o nome Belfama \u2013 Empresa T\u00eaxtil, Lda, n\u00e3o tenham sido previamente autorizadas pela mesma. Para este efeito, informamos que todas as comunica\u00e7\u00f5es relativas a a\u00e7\u00f5es ou convites para participar em algum evento relacionado com a marca ser\u00e3o sempre publicadas no site oficial.<\/p>\t\t\t\t\t\t<\/div>\n\t\t\t\t<\/div>\n\t\t\t\t<div class=\"elementor-element elementor-element-446c295 elementor-widget elementor-widget-heading\" data-id=\"446c295\" data-element_type=\"widget\" data-settings=\"{&quot;ekit_we_effect_on&quot;:&quot;none&quot;}\" data-widget_type=\"heading.default\">\n\t\t\t\t<div class=\"elementor-widget-container\">\n\t\t\t<div class=\"elementor-heading-title elementor-size-default\">POL\u00cdTICA DE PRIVACIDADE<\/div>\t\t<\/div>\n\t\t\t\t<\/div>\n\t\t\t\t<div class=\"elementor-element elementor-element-27966a1 elementor-widget elementor-widget-text-editor\" data-id=\"27966a1\" data-element_type=\"widget\" data-settings=\"{&quot;ekit_we_effect_on&quot;:&quot;none&quot;}\" data-widget_type=\"text-editor.default\">\n\t\t\t\t<div class=\"elementor-widget-container\">\n\t\t\t\t\t\t\t<p>Esta Pol\u00edtica de Privacidade fornece-lhe todas as informa\u00e7\u00f5es necess\u00e1rias para fazer a escolha de usar este site ou n\u00e3o. Ao utiliz\u00e1-lo e ao comunicar eletronicamente connosco, reconhece e aceita a pol\u00edtica de privacidade e autoriza-nos a processar seus dados pessoais como descrito neste documento.<\/p>\t\t\t\t\t\t<\/div>\n\t\t\t\t<\/div>\n\t\t\t\t<div class=\"elementor-element elementor-element-a2b8743 elementor-widget elementor-widget-heading\" data-id=\"a2b8743\" data-element_type=\"widget\" data-settings=\"{&quot;ekit_we_effect_on&quot;:&quot;none&quot;}\" data-widget_type=\"heading.default\">\n\t\t\t\t<div class=\"elementor-widget-container\">\n\t\t\t<div class=\"elementor-heading-title elementor-size-default\">PERGUNTAS SOBRE ESTA POL\u00cdTICA DE PRIVACIDADE<\/div>\t\t<\/div>\n\t\t\t\t<\/div>\n\t\t\t\t<div class=\"elementor-element elementor-element-4ef6696 elementor-widget elementor-widget-text-editor\" data-id=\"4ef6696\" data-element_type=\"widget\" data-settings=\"{&quot;ekit_we_effect_on&quot;:&quot;none&quot;}\" data-widget_type=\"text-editor.default\">\n\t\t\t\t<div class=\"elementor-widget-container\">\n\t\t\t\t\t\t\t<p>Se tiver alguma d\u00favida sobre esta Pol\u00edtica de Privacidade, entre em contato connosco atrav\u00e9s da p\u00e1gina de contactos do nosso site.<\/p>\t\t\t\t\t\t<\/div>\n\t\t\t\t<\/div>\n\t\t\t\t<div class=\"elementor-element elementor-element-4c11596 elementor-widget elementor-widget-heading\" data-id=\"4c11596\" data-element_type=\"widget\" data-settings=\"{&quot;ekit_we_effect_on&quot;:&quot;none&quot;}\" data-widget_type=\"heading.default\">\n\t\t\t\t<div class=\"elementor-widget-container\">\n\t\t\t<div class=\"elementor-heading-title elementor-size-default\">SUGEST\u00d5ES E RECLAMA\u00c7\u00d5ES<\/div>\t\t<\/div>\n\t\t\t\t<\/div>\n\t\t\t\t<div class=\"elementor-element elementor-element-2d0ebf9 elementor-widget elementor-widget-text-editor\" data-id=\"2d0ebf9\" data-element_type=\"widget\" data-settings=\"{&quot;ekit_we_effect_on&quot;:&quot;none&quot;}\" data-widget_type=\"text-editor.default\">\n\t\t\t\t<div class=\"elementor-widget-container\">\n\t\t\t\t\t\t\t<p>As sugest\u00f5es e reclama\u00e7\u00f5es poder\u00e3o ser dirigidas via email (belfama@belfama.com) ou pelo correio para o endere\u00e7o:<\/p><p>Belfama \u2013 Empresa T\u00eaxtil, Lda<br \/>Rua Dona Laurinda F. de Magalh\u00e3es 283<br \/>4815-324 Guimar\u00e3es \u2013 Portugal<\/p>\t\t\t\t\t\t<\/div>\n\t\t\t\t<\/div>\n\t\t\t\t\t<\/div>\n\t\t<\/div>\n\t\t\t\t\t\t\t<\/div>\n\t\t<\/section>\n\t\t\t\t\t\t\t<\/div>","protected":false},"excerpt":{"rendered":"<p>Privacy Policy COLLECTION AND USE OF INFORMATION The present Privacy Policy regulates the navigation policy and use of cookies, as well as the processing of personal data carried out on the website www.belfama.com (hereinafter also referred to as &#8220;site&#8221;). The use of the website attributes the condition of user (hereinafter also referred to as the [&hellip;]<\/p>","protected":false},"author":1,"featured_media":0,"parent":0,"menu_order":0,"comment_status":"closed","ping_status":"closed","template":"elementor_theme","meta":{"footnotes":""},"class_list":["post-12281","page","type-page","status-publish","hentry"],"yoast_head":"<!-- This site is optimized with the Yoast SEO Premium plugin v19.7 (Yoast SEO v19.14) - https:\/\/yoast.com\/wordpress\/plugins\/seo\/ -->\n<title>Privacy Policy - BELFAMA \u2013 Empresa T\u00eaxtil, Lda.<\/title>\n<meta name=\"robots\" content=\"index, follow, max-snippet:-1, max-image-preview:large, max-video-preview:-1\" \/>\n<link rel=\"canonical\" href=\"https:\/\/belfama.com\/web\/pt\/privacy-policy\/\" \/>\n<meta property=\"og:locale\" content=\"pt_PT\" \/>\n<meta property=\"og:type\" content=\"article\" \/>\n<meta property=\"og:title\" content=\"Privacy Policy\" \/>\n<meta property=\"og:description\" content=\"Privacy Policy COLLECTION AND USE OF INFORMATION The present Privacy Policy regulates the navigation policy and use of cookies, as well as the processing of personal data carried out on the website www.belfama.com (hereinafter also referred to as &#8220;site&#8221;). The use of the website attributes the condition of user (hereinafter also referred to as the [&hellip;]\" \/>\n<meta property=\"og:url\" content=\"https:\/\/belfama.com\/web\/pt\/privacy-policy\/\" \/>\n<meta property=\"og:site_name\" content=\"BELFAMA \u2013 Empresa T\u00eaxtil, Lda.\" \/>\n<meta property=\"article:modified_time\" content=\"2022-05-05T13:58:36+00:00\" \/>\n<meta name=\"twitter:card\" content=\"summary_large_image\" \/>\n<meta name=\"twitter:label1\" content=\"Tempo estimado de leitura\" \/>\n\t<meta name=\"twitter:data1\" content=\"5 minutos\" \/>\n<script type=\"application\/ld+json\" class=\"yoast-schema-graph\">{\"@context\":\"https:\/\/schema.org\",\"@graph\":[{\"@type\":\"WebPage\",\"@id\":\"https:\/\/belfama.com\/web\/privacy-policy\/\",\"url\":\"https:\/\/belfama.com\/web\/privacy-policy\/\",\"name\":\"Privacy Policy - BELFAMA \u2013 Empresa T\u00eaxtil, Lda.\",\"isPartOf\":{\"@id\":\"https:\/\/belfama.com\/web\/pt\/#website\"},\"datePublished\":\"2022-04-22T14:49:53+00:00\",\"dateModified\":\"2022-05-05T13:58:36+00:00\",\"breadcrumb\":{\"@id\":\"https:\/\/belfama.com\/web\/privacy-policy\/#breadcrumb\"},\"inLanguage\":\"pt-PT\",\"potentialAction\":[{\"@type\":\"ReadAction\",\"target\":[\"https:\/\/belfama.com\/web\/privacy-policy\/\"]}]},{\"@type\":\"BreadcrumbList\",\"@id\":\"https:\/\/belfama.com\/web\/privacy-policy\/#breadcrumb\",\"itemListElement\":[{\"@type\":\"ListItem\",\"position\":1,\"name\":\"Home\",\"item\":\"https:\/\/belfama.com\/web\/\"},{\"@type\":\"ListItem\",\"position\":2,\"name\":\"Privacy Policy\"}]},{\"@type\":\"WebSite\",\"@id\":\"https:\/\/belfama.com\/web\/pt\/#website\",\"url\":\"https:\/\/belfama.com\/web\/pt\/\",\"name\":\"BELFAMA \u2013 Empresa T\u00eaxtil, Lda.\",\"description\":\"Since 1959\",\"publisher\":{\"@id\":\"https:\/\/belfama.com\/web\/pt\/#organization\"},\"potentialAction\":[{\"@type\":\"SearchAction\",\"target\":{\"@type\":\"EntryPoint\",\"urlTemplate\":\"https:\/\/belfama.com\/web\/pt\/?s={search_term_string}\"},\"query-input\":\"required name=search_term_string\"}],\"inLanguage\":\"pt-PT\"},{\"@type\":\"Organization\",\"@id\":\"https:\/\/belfama.com\/web\/pt\/#organization\",\"name\":\"Belfama\",\"url\":\"https:\/\/belfama.com\/web\/pt\/\",\"logo\":{\"@type\":\"ImageObject\",\"inLanguage\":\"pt-PT\",\"@id\":\"https:\/\/belfama.com\/web\/pt\/#\/schema\/logo\/image\/\",\"url\":\"https:\/\/belfama.com\/web\/wp-content\/uploads\/2022\/03\/Belfama_logo.png\",\"contentUrl\":\"https:\/\/belfama.com\/web\/wp-content\/uploads\/2022\/03\/Belfama_logo.png\",\"width\":1200,\"height\":581,\"caption\":\"Belfama\"},\"image\":{\"@id\":\"https:\/\/belfama.com\/web\/pt\/#\/schema\/logo\/image\/\"}}]}<\/script>\n<!-- \/ Yoast SEO Premium plugin. -->","yoast_head_json":{"title":"Privacy Policy - BELFAMA \u2013 Empresa T\u00eaxtil, Lda.","robots":{"index":"index","follow":"follow","max-snippet":"max-snippet:-1","max-image-preview":"max-image-preview:large","max-video-preview":"max-video-preview:-1"},"canonical":"https:\/\/belfama.com\/web\/pt\/privacy-policy\/","og_locale":"pt_PT","og_type":"article","og_title":"Privacy Policy","og_description":"Privacy Policy COLLECTION AND USE OF INFORMATION The present Privacy Policy regulates the navigation policy and use of cookies, as well as the processing of personal data carried out on the website www.belfama.com (hereinafter also referred to as &#8220;site&#8221;). The use of the website attributes the condition of user (hereinafter also referred to as the [&hellip;]","og_url":"https:\/\/belfama.com\/web\/pt\/privacy-policy\/","og_site_name":"BELFAMA \u2013 Empresa T\u00eaxtil, Lda.","article_modified_time":"2022-05-05T13:58:36+00:00","twitter_card":"summary_large_image","twitter_misc":{"Tempo estimado de leitura":"5 minutos"},"schema":{"@context":"https:\/\/schema.org","@graph":[{"@type":"WebPage","@id":"https:\/\/belfama.com\/web\/privacy-policy\/","url":"https:\/\/belfama.com\/web\/privacy-policy\/","name":"Privacy Policy - BELFAMA \u2013 Empresa T\u00eaxtil, Lda.","isPartOf":{"@id":"https:\/\/belfama.com\/web\/pt\/#website"},"datePublished":"2022-04-22T14:49:53+00:00","dateModified":"2022-05-05T13:58:36+00:00","breadcrumb":{"@id":"https:\/\/belfama.com\/web\/privacy-policy\/#breadcrumb"},"inLanguage":"pt-PT","potentialAction":[{"@type":"ReadAction","target":["https:\/\/belfama.com\/web\/privacy-policy\/"]}]},{"@type":"BreadcrumbList","@id":"https:\/\/belfama.com\/web\/privacy-policy\/#breadcrumb","itemListElement":[{"@type":"ListItem","position":1,"name":"Home","item":"https:\/\/belfama.com\/web\/"},{"@type":"ListItem","position":2,"name":"Privacy Policy"}]},{"@type":"WebSite","@id":"https:\/\/belfama.com\/web\/pt\/#website","url":"https:\/\/belfama.com\/web\/pt\/","name":"BELFAMA \u2013 Empresa T\u00eaxtil, Lda.","description":"Since 1959","publisher":{"@id":"https:\/\/belfama.com\/web\/pt\/#organization"},"potentialAction":[{"@type":"SearchAction","target":{"@type":"EntryPoint","urlTemplate":"https:\/\/belfama.com\/web\/pt\/?s={search_term_string}"},"query-input":"required name=search_term_string"}],"inLanguage":"pt-PT"},{"@type":"Organization","@id":"https:\/\/belfama.com\/web\/pt\/#organization","name":"Belfama","url":"https:\/\/belfama.com\/web\/pt\/","logo":{"@type":"ImageObject","inLanguage":"pt-PT","@id":"https:\/\/belfama.com\/web\/pt\/#\/schema\/logo\/image\/","url":"https:\/\/belfama.com\/web\/wp-content\/uploads\/2022\/03\/Belfama_logo.png","contentUrl":"https:\/\/belfama.com\/web\/wp-content\/uploads\/2022\/03\/Belfama_logo.png","width":1200,"height":581,"caption":"Belfama"},"image":{"@id":"https:\/\/belfama.com\/web\/pt\/#\/schema\/logo\/image\/"}}]}},"_links":{"self":[{"href":"https:\/\/belfama.com\/web\/pt\/wp-json\/wp\/v2\/pages\/12281","targetHints":{"allow":["GET"]}}],"collection":[{"href":"https:\/\/belfama.com\/web\/pt\/wp-json\/wp\/v2\/pages"}],"about":[{"href":"https:\/\/belfama.com\/web\/pt\/wp-json\/wp\/v2\/types\/page"}],"author":[{"embeddable":true,"href":"https:\/\/belfama.com\/web\/pt\/wp-json\/wp\/v2\/users\/1"}],"replies":[{"embeddable":true,"href":"https:\/\/belfama.com\/web\/pt\/wp-json\/wp\/v2\/comments?post=12281"}],"version-history":[{"count":0,"href":"https:\/\/belfama.com\/web\/pt\/wp-json\/wp\/v2\/pages\/12281\/revisions"}],"wp:attachment":[{"href":"https:\/\/belfama.com\/web\/pt\/wp-json\/wp\/v2\/media?parent=12281"}],"curies":[{"name":"wp","href":"https:\/\/api.w.org\/{rel}","templated":true}]}}