{"id":12208,"date":"2022-04-22T11:08:54","date_gmt":"2022-04-22T10:08:54","guid":{"rendered":"https:\/\/belfama.com\/web\/?page_id=12208"},"modified":"2022-05-24T11:33:23","modified_gmt":"2022-05-24T10:33:23","slug":"cookie-policy","status":"publish","type":"page","link":"https:\/\/belfama.com\/web\/pt\/cookie-policy\/","title":{"rendered":"Pol\u00edtica de Cookies"},"content":{"rendered":"<div data-elementor-type=\"wp-page\" data-elementor-id=\"12208\" class=\"elementor elementor-12208\">\n\t\t\t\t\t\t\t\t\t<section class=\"elementor-section elementor-top-section elementor-element elementor-element-58595ef elementor-section-boxed elementor-section-height-default elementor-section-height-default\" data-id=\"58595ef\" data-element_type=\"section\" data-settings=\"{&quot;background_background&quot;:&quot;classic&quot;,&quot;_ha_eqh_enable&quot;:false,&quot;ekit_has_onepagescroll_dot&quot;:&quot;yes&quot;}\">\n\t\t\t\t\t\t<div class=\"elementor-container elementor-column-gap-default\">\n\t\t\t\t\t<div class=\"elementor-column elementor-col-100 elementor-top-column elementor-element elementor-element-909c689\" data-id=\"909c689\" data-element_type=\"column\" data-settings=\"{&quot;background_background&quot;:&quot;classic&quot;}\">\n\t\t\t<div class=\"elementor-widget-wrap elementor-element-populated\">\n\t\t\t\t\t\t\t\t<div class=\"elementor-element elementor-element-bf1eca8 elementor-widget elementor-widget-heading\" data-id=\"bf1eca8\" data-element_type=\"widget\" data-settings=\"{&quot;ekit_we_effect_on&quot;:&quot;none&quot;}\" data-widget_type=\"heading.default\">\n\t\t\t\t<div class=\"elementor-widget-container\">\n\t\t\t<style>\/*! elementor - v3.10.1 - 17-01-2023 *\/\n.elementor-heading-title{padding:0;margin:0;line-height:1}.elementor-widget-heading .elementor-heading-title[class*=elementor-size-]>a{color:inherit;font-size:inherit;line-height:inherit}.elementor-widget-heading .elementor-heading-title.elementor-size-small{font-size:15px}.elementor-widget-heading .elementor-heading-title.elementor-size-medium{font-size:19px}.elementor-widget-heading .elementor-heading-title.elementor-size-large{font-size:29px}.elementor-widget-heading .elementor-heading-title.elementor-size-xl{font-size:39px}.elementor-widget-heading .elementor-heading-title.elementor-size-xxl{font-size:59px}<\/style><h1 class=\"elementor-heading-title elementor-size-default\">Pol\u00edtica de Cookies<\/h1>\t\t<\/div>\n\t\t\t\t<\/div>\n\t\t\t\t<div class=\"elementor-element elementor-element-1b012c6 elementor-widget elementor-widget-text-editor\" data-id=\"1b012c6\" data-element_type=\"widget\" data-settings=\"{&quot;ekit_we_effect_on&quot;:&quot;none&quot;}\" data-widget_type=\"text-editor.default\">\n\t\t\t\t<div class=\"elementor-widget-container\">\n\t\t\t<style>\/*! elementor - v3.10.1 - 17-01-2023 *\/\n.elementor-widget-text-editor.elementor-drop-cap-view-stacked .elementor-drop-cap{background-color:#818a91;color:#fff}.elementor-widget-text-editor.elementor-drop-cap-view-framed .elementor-drop-cap{color:#818a91;border:3px solid;background-color:transparent}.elementor-widget-text-editor:not(.elementor-drop-cap-view-default) .elementor-drop-cap{margin-top:8px}.elementor-widget-text-editor:not(.elementor-drop-cap-view-default) .elementor-drop-cap-letter{width:1em;height:1em}.elementor-widget-text-editor .elementor-drop-cap{float:left;text-align:center;line-height:1;font-size:50px}.elementor-widget-text-editor .elementor-drop-cap-letter{display:inline-block}<\/style>\t\t\t\t<p>Este website utiliza cookies para melhorar o seu servi\u00e7o.<\/p>\t\t\t\t\t\t<\/div>\n\t\t\t\t<\/div>\n\t\t\t\t<div class=\"elementor-element elementor-element-a598481 elementor-widget elementor-widget-heading\" data-id=\"a598481\" data-element_type=\"widget\" data-settings=\"{&quot;ekit_we_effect_on&quot;:&quot;none&quot;}\" data-widget_type=\"heading.default\">\n\t\t\t\t<div class=\"elementor-widget-container\">\n\t\t\t<h2 class=\"elementor-heading-title elementor-size-default\">1. - O que s\u00e3o cookies? <\/h2>\t\t<\/div>\n\t\t\t\t<\/div>\n\t\t\t\t<div class=\"elementor-element elementor-element-23b5d42 elementor-widget elementor-widget-text-editor\" data-id=\"23b5d42\" data-element_type=\"widget\" data-settings=\"{&quot;ekit_we_effect_on&quot;:&quot;none&quot;}\" data-widget_type=\"text-editor.default\">\n\t\t\t\t<div class=\"elementor-widget-container\">\n\t\t\t\t\t\t\t<p>Os cookies s\u00e3o pequenos ficheiros de texto que um website, ao ser visitado pelo utilizador, coloca no seu computador ou no seu dispositivo m\u00f3vel atrav\u00e9s do navegador de internet (browser). A coloca\u00e7\u00e3o de cookies ajudar\u00e1 o site a reconhecer o seu dispositivo na pr\u00f3xima vez que o utilizador o visita.<\/p><p>Usamos o termo cookies nesta pol\u00edtica para referir todos os ficheiros que recolhem informa\u00e7\u00f5es desta forma. Alguns cookies s\u00e3o essenciais para garantir as funcionalidades disponibilizadas, enquanto outros s\u00e3o destinadas a melhorar o desempenho e a experi\u00eancia do utilizador. N\u00e3o dever\u00e1 continuar a aceder ao nosso website ap\u00f3s o alerta sobre os cookies, se n\u00e3o concordar com a sua utiliza\u00e7\u00e3o.<\/p>\t\t\t\t\t\t<\/div>\n\t\t\t\t<\/div>\n\t\t\t\t<div class=\"elementor-element elementor-element-d6578a9 elementor-widget elementor-widget-heading\" data-id=\"d6578a9\" data-element_type=\"widget\" data-settings=\"{&quot;ekit_we_effect_on&quot;:&quot;none&quot;}\" data-widget_type=\"heading.default\">\n\t\t\t\t<div class=\"elementor-widget-container\">\n\t\t\t<h2 class=\"elementor-heading-title elementor-size-default\">1.1 - Que tipo de cookies utilizamos?<\/h2>\t\t<\/div>\n\t\t\t\t<\/div>\n\t\t\t\t<div class=\"elementor-element elementor-element-9aa8f42 elementor-widget elementor-widget-bdt-table\" data-id=\"9aa8f42\" data-element_type=\"widget\" data-settings=\"{&quot;ekit_we_effect_on&quot;:&quot;none&quot;}\" data-widget_type=\"bdt-table.default\">\n\t\t\t\t<div class=\"elementor-widget-container\">\n\t\t\t        <div class=\"bdt-table bdt-table-default-responsive\" id=\"bdt-table-9aa8f42\">\n\n\n            <table>\n<thead>\n<tr>\n<td nowrap><strong>ORIGEM<\/strong><\/td>\n<td nowrap><strong>NOME COOKIE<\/strong><\/td>\n<td nowrap><strong>PROP\u00d3SITO<\/strong><\/td>\n<td nowrap><strong>EXPIRA<\/strong><\/td>\n<\/tr>\n<\/thead>\n<tbody>\n<tr>\n<td rowspan=\"2\">MIGCOMP<\/td>\n<td>PHPSESSID<\/td>\n<td>\u00c9 utilizado pela linguagem PHP para permitir que as vari\u00e1veis de sess\u00e3o sejam guardadas no servidor web. Este cookie \u00e9 essencial para o funcionamento do website.<\/td>\n<td>Quando o browser \u00e9 fechado<\/td>\n<\/tr>\n<tr>\n<td>allowCookies<\/td>\n<td>Utilizado para controlar a aceita\u00e7\u00e3o do utilizador da pol\u00edtica de cookies do site<\/td>\n<td>Ap\u00f3s 1 ano<\/td>\n<\/tr>\n<tr>\n<td>AddThis<\/td>\n<td>__atuvc<\/td>\n<td>Criado e lido pelo AddThis, site JavaScript para a partilha nas redes sociais. Guarda o n\u00famero de partilhas de uma p\u00e1gina.<\/td>\n<td>Ap\u00f3s 2 anos<\/td>\n<\/tr>\n<tr>\n<td rowspan=\"4\">Google<br>\n<a href=\"https:\/\/developers.google.com\/analytics\/devguides\/collection\/gtagjs\/cookie-usage\" target=\"_blank\" rel=\"noopener\"><strong>Saber mais <\/strong><\/a><\/td>\n<td>_ga<\/td>\n<td>Utilizado para distinguir os utilizadores.<\/td>\n<td>Ap\u00f3s 2 anos<\/td>\n<\/tr>\n<tr>\n<td>_cat<\/td>\n<td>Utilizado para acelerar a percentagem de pedidos.<\/td>\n<td>Ap\u00f3s 1 minuto<\/td>\n<\/tr>\n<tr>\n<td>gat_gtag_UA<\/td>\n<td>Cont\u00e9m informa\u00e7\u00f5es relacionadas com campanhas para o utilizador. Ao vincular suas contas do Google Analytics e do Google AdWords, as tags de convers\u00e3o de site do Google AdWords analisar\u00e3o esse cookie, a menos que esteja inativo.<\/td>\n<td>Ap\u00f3s 1 minuto<\/td>\n<\/tr>\n<tr>\n<td>gid<\/td>\n<td>Utilizado para distinguir os utilizadores.<\/td>\n<td>Ap\u00f3s 1 dia<\/td>\n<\/tr>\n<\/tbody>\n<\/table>\n        <\/div>\n\t\t<\/div>\n\t\t\t\t<\/div>\n\t\t\t\t<div class=\"elementor-element elementor-element-785dade elementor-widget elementor-widget-heading\" data-id=\"785dade\" data-element_type=\"widget\" data-settings=\"{&quot;ekit_we_effect_on&quot;:&quot;none&quot;}\" data-widget_type=\"heading.default\">\n\t\t\t\t<div class=\"elementor-widget-container\">\n\t\t\t<h2 class=\"elementor-heading-title elementor-size-default\">2. - Aceitar\/recusar cookies<\/h2>\t\t<\/div>\n\t\t\t\t<\/div>\n\t\t\t\t<div class=\"elementor-element elementor-element-166750e elementor-widget elementor-widget-text-editor\" data-id=\"166750e\" data-element_type=\"widget\" data-settings=\"{&quot;ekit_we_effect_on&quot;:&quot;none&quot;}\" data-widget_type=\"text-editor.default\">\n\t\t\t\t<div class=\"elementor-widget-container\">\n\t\t\t\t\t\t\t<p>Poder\u00e1 a qualquer momento optar por aceitar ou recusar a instala\u00e7\u00e3o de cookies no seu terminal, configurando o software de navega\u00e7\u00e3o.<\/p>\t\t\t\t\t\t<\/div>\n\t\t\t\t<\/div>\n\t\t\t\t<div class=\"elementor-element elementor-element-c748850 elementor-widget elementor-widget-heading\" data-id=\"c748850\" data-element_type=\"widget\" data-settings=\"{&quot;ekit_we_effect_on&quot;:&quot;none&quot;}\" data-widget_type=\"heading.default\">\n\t\t\t\t<div class=\"elementor-widget-container\">\n\t\t\t<h2 class=\"elementor-heading-title elementor-size-default\">2.1 - Se aceitar cookies<\/h2>\t\t<\/div>\n\t\t\t\t<\/div>\n\t\t\t\t<div class=\"elementor-element elementor-element-3330410 elementor-widget elementor-widget-text-editor\" data-id=\"3330410\" data-element_type=\"widget\" data-settings=\"{&quot;ekit_we_effect_on&quot;:&quot;none&quot;}\" data-widget_type=\"text-editor.default\">\n\t\t\t\t<div class=\"elementor-widget-container\">\n\t\t\t\t\t\t\t<p>O registo de uma cookie no seu terminal depende da sua vontade. Em qualquer momento, poder\u00e1 exprimir e modificar a sua escolha gratuitamente atrav\u00e9s das op\u00e7\u00f5es disponibilizadas pelo seu software de navega\u00e7\u00e3o.<\/p><p>Se no software de navega\u00e7\u00e3o que utiliza tiver aceitado a grava\u00e7\u00e3o de cookies no seu terminal, as cookies integradas nas p\u00e1ginas e conte\u00fados que tiver consultado poder\u00e3o ficar temporariamente armazenadas num espa\u00e7o espec\u00edfico do seu terminal. Nesse local, ser\u00e3o leg\u00edveis apenas pelo emissor das mesmas.<\/p>\t\t\t\t\t\t<\/div>\n\t\t\t\t<\/div>\n\t\t\t\t<div class=\"elementor-element elementor-element-34d5711 elementor-widget elementor-widget-heading\" data-id=\"34d5711\" data-element_type=\"widget\" data-settings=\"{&quot;ekit_we_effect_on&quot;:&quot;none&quot;}\" data-widget_type=\"heading.default\">\n\t\t\t\t<div class=\"elementor-widget-container\">\n\t\t\t<h2 class=\"elementor-heading-title elementor-size-default\">2.2 - Qual \u00e9 o interesse de aceitar cookies?<\/h2>\t\t<\/div>\n\t\t\t\t<\/div>\n\t\t\t\t<div class=\"elementor-element elementor-element-766925f elementor-widget elementor-widget-text-editor\" data-id=\"766925f\" data-element_type=\"widget\" data-settings=\"{&quot;ekit_we_effect_on&quot;:&quot;none&quot;}\" data-widget_type=\"text-editor.default\">\n\t\t\t\t<div class=\"elementor-widget-container\">\n\t\t\t\t\t\t\t<p>Quando visitar website <a href=\"https:\/\/belfama.com\/web\/pt\/\" target=\"_blank\" rel=\"noopener\">www.belfama.com<\/a> estas cookies registar\u00e3o determinadas informa\u00e7\u00f5es que est\u00e3o armazenadas no seu terminal. Estas informa\u00e7\u00f5es servem, nomeadamente, para lhe prop\u00f4r produtos em fun\u00e7\u00e3o dos artigos que j\u00e1 seleccionou aquando de suas visitas anteriores, e permitem-lhe assim beneficiar de uma melhor navega\u00e7\u00e3o no nosso Site.<\/p>\t\t\t\t\t\t<\/div>\n\t\t\t\t<\/div>\n\t\t\t\t<div class=\"elementor-element elementor-element-a04923e elementor-widget elementor-widget-heading\" data-id=\"a04923e\" data-element_type=\"widget\" data-settings=\"{&quot;ekit_we_effect_on&quot;:&quot;none&quot;}\" data-widget_type=\"heading.default\">\n\t\t\t\t<div class=\"elementor-widget-container\">\n\t\t\t<h2 class=\"elementor-heading-title elementor-size-default\">2.3 - Se recusar cookies<\/h2>\t\t<\/div>\n\t\t\t\t<\/div>\n\t\t\t\t<div class=\"elementor-element elementor-element-a7a0c34 elementor-widget elementor-widget-text-editor\" data-id=\"a7a0c34\" data-element_type=\"widget\" data-settings=\"{&quot;ekit_we_effect_on&quot;:&quot;none&quot;}\" data-widget_type=\"text-editor.default\">\n\t\t\t\t<div class=\"elementor-widget-container\">\n\t\t\t\t\t\t\t<p>Quando recusa cookies, n\u00f3s instalamos contudo uma cookie de \"recusa\". Esta cookie permite-nos memorizar a sua escolha, de modo a evitar que lhe perguntemos a cada visita se deseja aceitar ou recusar cookies.<\/p>\t\t\t\t\t\t<\/div>\n\t\t\t\t<\/div>\n\t\t\t\t<div class=\"elementor-element elementor-element-446c295 elementor-widget elementor-widget-heading\" data-id=\"446c295\" data-element_type=\"widget\" data-settings=\"{&quot;ekit_we_effect_on&quot;:&quot;none&quot;}\" data-widget_type=\"heading.default\">\n\t\t\t\t<div class=\"elementor-widget-container\">\n\t\t\t<h2 class=\"elementor-heading-title elementor-size-default\">2.4 - Configura\u00e7\u00e3o do seu navegador<\/h2>\t\t<\/div>\n\t\t\t\t<\/div>\n\t\t\t\t<div class=\"elementor-element elementor-element-27966a1 elementor-widget elementor-widget-text-editor\" data-id=\"27966a1\" data-element_type=\"widget\" data-settings=\"{&quot;ekit_we_effect_on&quot;:&quot;none&quot;}\" data-widget_type=\"text-editor.default\">\n\t\t\t\t<div class=\"elementor-widget-container\">\n\t\t\t\t\t\t\t<p>A configura\u00e7\u00e3o da gest\u00e3o das cookies depende de cada navegador e est\u00e1 presente no menu de ajuda do seu navegador.<\/p><p><strong>No Internet Explorer<br \/><\/strong>Para personalizar as defini\u00e7\u00f5es relativas \u00e0s cookies para uma p\u00e1gina web<br \/>No Internet Explorer, clique no bot\u00e3o Ferramentas e depois em Op\u00e7\u00f5es da Internet.<br \/>Clique no separador Privacidade e depois em Sites.<br \/>No espa\u00e7o Endere\u00e7o do Web site, insira o endere\u00e7o completo (URL) da p\u00e1gina web cujas defini\u00e7\u00f5es de privacidade deseja personalizar.<br \/>Por exemplo, http:\/\/www.microsoft.com.<br \/>Para autorizar o registo de cookies da p\u00e1gina web especificada no seu computador, clique em Permitir. Para proibir o registo de cookies da p\u00e1gina web especificada no seu computador, clique em Bloquear.<br \/>Repita as etapas 3 e 4 para cada p\u00e1gina web que queira bloquear ou permitir. Quando terminar, clique em OK duas vezes.<\/p><p><strong>No Safari<br \/><\/strong>V\u00e1 a Prefer\u00eancias, clique no painel Privacidade e, de seguida, Gerir as Cookies.<\/p><p><strong>No Chrome<\/strong><br \/>Clique no menu do Chrome que est\u00e1 situado na barra de ferramentas do navegador.<br \/>Seleccione Defini\u00e7\u00f5es.<br \/>Clique em Mostrar defini\u00e7\u00f5es avan\u00e7adas.<br \/>Na sec\u00e7\u00e3o \"Privacidade\", clique no bot\u00e3o Defini\u00e7\u00f5es de conte\u00fado.<br \/>Na sec\u00e7\u00e3o \"Cookies\" poder\u00e1 modificar as defini\u00e7\u00f5es seguintes:<br \/>Eliminar cookies<br \/>Bloquear cookies por predefini\u00e7\u00e3o<br \/>Permitir cookies por predefini\u00e7\u00e3o<br \/>Criar excep\u00e7\u00f5es para cookies de Websites ou dom\u00ednios espec\u00edficos.<\/p><p><strong>No Firefox<\/strong><br \/>Clique no bot\u00e3o Ferramentas e depois em Op\u00e7\u00f5es.<br \/>Clique no separador Privacidade.<br \/>No Hist\u00f3rico, seleccione \"Usar defini\u00e7\u00f5es personalizadas para o hist\u00f3rico\".<br \/>Assinalar a quadr\u00edcula \"aceitar cookies\" e clicar em excep\u00e7\u00f5es para escolher os s\u00edtios web que ter\u00e3o ou n\u00e3o ter\u00e3o permiss\u00e3o para instalar cookies no seu terminal.<\/p><p><strong>No Opera<\/strong><br \/>Prefer\u00eancias &gt; Avan\u00e7ado&gt; Cookies<br \/>As prefer\u00eancias de cookies permitem-lhe controlar a forma como o Opera gere as cookies. A configura\u00e7\u00e3o por defeito \u00e9 aceitar todas as cookies.<br \/>Aceitar cookies<br \/>\u2013 Todas as cookies s\u00e3o aceites (por defeito)<br \/>Aceitar cookies apenas do site que visito<br \/>\u2013 As cookies de terceiros, de um dom\u00ednio exterior \u00e0quele que est\u00e1 a visitar, ser\u00e3o recusadas<br \/>Nunca aceitar cookies<br \/>\u2013 Todas as cookies ser\u00e3o recusadas<\/p>\t\t\t\t\t\t<\/div>\n\t\t\t\t<\/div>\n\t\t\t\t<div class=\"elementor-element elementor-element-a2b8743 elementor-widget elementor-widget-heading\" data-id=\"a2b8743\" data-element_type=\"widget\" data-settings=\"{&quot;ekit_we_effect_on&quot;:&quot;none&quot;}\" data-widget_type=\"heading.default\">\n\t\t\t\t<div class=\"elementor-widget-container\">\n\t\t\t<h2 class=\"elementor-heading-title elementor-size-default\">3. - Atualiza\u00e7\u00e3o da Notifica\u00e7\u00e3o Legal<\/h2>\t\t<\/div>\n\t\t\t\t<\/div>\n\t\t\t\t<div class=\"elementor-element elementor-element-2d0ebf9 elementor-widget elementor-widget-text-editor\" data-id=\"2d0ebf9\" data-element_type=\"widget\" data-settings=\"{&quot;ekit_we_effect_on&quot;:&quot;none&quot;}\" data-widget_type=\"text-editor.default\">\n\t\t\t\t<div class=\"elementor-widget-container\">\n\t\t\t\t\t\t\t<p>A Belfama \u2013 Empresa T\u00eaxtil Lda reserva-se o direito de fazer quaisquer altera\u00e7\u00f5es ou corre\u00e7\u00f5es a esta notifica\u00e7\u00e3o de cookies. Por favor consulte esta p\u00e1gina regularmente de modo a rever a informa\u00e7\u00e3o e verificar se existe alguma atualiza\u00e7\u00e3o.<\/p><p>Esta notifica\u00e7\u00e3o foi atualizada em 01 de Mar\u00e7o de 2022.<\/p>\t\t\t\t\t\t<\/div>\n\t\t\t\t<\/div>\n\t\t\t\t\t<\/div>\n\t\t<\/div>\n\t\t\t\t\t\t\t<\/div>\n\t\t<\/section>\n\t\t\t\t\t\t\t<\/div>","protected":false},"excerpt":{"rendered":"<p>Cookie Policy This website uses cookies to improve its service. 1. &#8211; What are cookies? Cookies are small text files that a website, when visited by the user, places on their computer or mobile device through the internet browser. Placing cookies will help the website to recognize your device the next time you visit it. [&hellip;]<\/p>","protected":false},"author":1,"featured_media":0,"parent":0,"menu_order":0,"comment_status":"closed","ping_status":"closed","template":"elementor_theme","meta":{"footnotes":""},"class_list":["post-12208","page","type-page","status-publish","hentry"],"yoast_head":"<!-- This site is optimized with the Yoast SEO Premium plugin v19.7 (Yoast SEO v19.14) - https:\/\/yoast.com\/wordpress\/plugins\/seo\/ -->\n<title>Cookie Policy - BELFAMA \u2013 Empresa T\u00eaxtil, Lda.<\/title>\n<meta name=\"robots\" content=\"index, follow, max-snippet:-1, max-image-preview:large, max-video-preview:-1\" \/>\n<link rel=\"canonical\" href=\"https:\/\/belfama.com\/web\/pt\/cookie-policy\/\" \/>\n<meta property=\"og:locale\" content=\"pt_PT\" \/>\n<meta property=\"og:type\" content=\"article\" \/>\n<meta property=\"og:title\" content=\"Cookie Policy\" \/>\n<meta property=\"og:description\" content=\"Cookie Policy This website uses cookies to improve its service. 1. &#8211; What are cookies? Cookies are small text files that a website, when visited by the user, places on their computer or mobile device through the internet browser. Placing cookies will help the website to recognize your device the next time you visit it. [&hellip;]\" \/>\n<meta property=\"og:url\" content=\"https:\/\/belfama.com\/web\/pt\/cookie-policy\/\" \/>\n<meta property=\"og:site_name\" content=\"BELFAMA \u2013 Empresa T\u00eaxtil, Lda.\" \/>\n<meta property=\"article:modified_time\" content=\"2022-05-24T10:33:23+00:00\" \/>\n<meta name=\"twitter:card\" content=\"summary_large_image\" \/>\n<meta name=\"twitter:label1\" content=\"Tempo estimado de leitura\" \/>\n\t<meta name=\"twitter:data1\" content=\"5 minutos\" \/>\n<script type=\"application\/ld+json\" class=\"yoast-schema-graph\">{\"@context\":\"https:\/\/schema.org\",\"@graph\":[{\"@type\":\"WebPage\",\"@id\":\"https:\/\/belfama.com\/web\/cookie-policy\/\",\"url\":\"https:\/\/belfama.com\/web\/cookie-policy\/\",\"name\":\"Cookie Policy - BELFAMA \u2013 Empresa T\u00eaxtil, Lda.\",\"isPartOf\":{\"@id\":\"https:\/\/belfama.com\/web\/pt\/#website\"},\"datePublished\":\"2022-04-22T10:08:54+00:00\",\"dateModified\":\"2022-05-24T10:33:23+00:00\",\"breadcrumb\":{\"@id\":\"https:\/\/belfama.com\/web\/cookie-policy\/#breadcrumb\"},\"inLanguage\":\"pt-PT\",\"potentialAction\":[{\"@type\":\"ReadAction\",\"target\":[\"https:\/\/belfama.com\/web\/cookie-policy\/\"]}]},{\"@type\":\"BreadcrumbList\",\"@id\":\"https:\/\/belfama.com\/web\/cookie-policy\/#breadcrumb\",\"itemListElement\":[{\"@type\":\"ListItem\",\"position\":1,\"name\":\"Home\",\"item\":\"https:\/\/belfama.com\/web\/\"},{\"@type\":\"ListItem\",\"position\":2,\"name\":\"Cookie Policy\"}]},{\"@type\":\"WebSite\",\"@id\":\"https:\/\/belfama.com\/web\/pt\/#website\",\"url\":\"https:\/\/belfama.com\/web\/pt\/\",\"name\":\"BELFAMA \u2013 Empresa T\u00eaxtil, Lda.\",\"description\":\"Since 1959\",\"publisher\":{\"@id\":\"https:\/\/belfama.com\/web\/pt\/#organization\"},\"potentialAction\":[{\"@type\":\"SearchAction\",\"target\":{\"@type\":\"EntryPoint\",\"urlTemplate\":\"https:\/\/belfama.com\/web\/pt\/?s={search_term_string}\"},\"query-input\":\"required name=search_term_string\"}],\"inLanguage\":\"pt-PT\"},{\"@type\":\"Organization\",\"@id\":\"https:\/\/belfama.com\/web\/pt\/#organization\",\"name\":\"Belfama\",\"url\":\"https:\/\/belfama.com\/web\/pt\/\",\"logo\":{\"@type\":\"ImageObject\",\"inLanguage\":\"pt-PT\",\"@id\":\"https:\/\/belfama.com\/web\/pt\/#\/schema\/logo\/image\/\",\"url\":\"https:\/\/belfama.com\/web\/wp-content\/uploads\/2022\/03\/Belfama_logo.png\",\"contentUrl\":\"https:\/\/belfama.com\/web\/wp-content\/uploads\/2022\/03\/Belfama_logo.png\",\"width\":1200,\"height\":581,\"caption\":\"Belfama\"},\"image\":{\"@id\":\"https:\/\/belfama.com\/web\/pt\/#\/schema\/logo\/image\/\"}}]}<\/script>\n<!-- \/ Yoast SEO Premium plugin. -->","yoast_head_json":{"title":"Cookie Policy - BELFAMA \u2013 Empresa T\u00eaxtil, Lda.","robots":{"index":"index","follow":"follow","max-snippet":"max-snippet:-1","max-image-preview":"max-image-preview:large","max-video-preview":"max-video-preview:-1"},"canonical":"https:\/\/belfama.com\/web\/pt\/cookie-policy\/","og_locale":"pt_PT","og_type":"article","og_title":"Cookie Policy","og_description":"Cookie Policy This website uses cookies to improve its service. 1. &#8211; What are cookies? Cookies are small text files that a website, when visited by the user, places on their computer or mobile device through the internet browser. Placing cookies will help the website to recognize your device the next time you visit it. [&hellip;]","og_url":"https:\/\/belfama.com\/web\/pt\/cookie-policy\/","og_site_name":"BELFAMA \u2013 Empresa T\u00eaxtil, Lda.","article_modified_time":"2022-05-24T10:33:23+00:00","twitter_card":"summary_large_image","twitter_misc":{"Tempo estimado de leitura":"5 minutos"},"schema":{"@context":"https:\/\/schema.org","@graph":[{"@type":"WebPage","@id":"https:\/\/belfama.com\/web\/cookie-policy\/","url":"https:\/\/belfama.com\/web\/cookie-policy\/","name":"Cookie Policy - BELFAMA \u2013 Empresa T\u00eaxtil, Lda.","isPartOf":{"@id":"https:\/\/belfama.com\/web\/pt\/#website"},"datePublished":"2022-04-22T10:08:54+00:00","dateModified":"2022-05-24T10:33:23+00:00","breadcrumb":{"@id":"https:\/\/belfama.com\/web\/cookie-policy\/#breadcrumb"},"inLanguage":"pt-PT","potentialAction":[{"@type":"ReadAction","target":["https:\/\/belfama.com\/web\/cookie-policy\/"]}]},{"@type":"BreadcrumbList","@id":"https:\/\/belfama.com\/web\/cookie-policy\/#breadcrumb","itemListElement":[{"@type":"ListItem","position":1,"name":"Home","item":"https:\/\/belfama.com\/web\/"},{"@type":"ListItem","position":2,"name":"Cookie Policy"}]},{"@type":"WebSite","@id":"https:\/\/belfama.com\/web\/pt\/#website","url":"https:\/\/belfama.com\/web\/pt\/","name":"BELFAMA \u2013 Empresa T\u00eaxtil, Lda.","description":"Since 1959","publisher":{"@id":"https:\/\/belfama.com\/web\/pt\/#organization"},"potentialAction":[{"@type":"SearchAction","target":{"@type":"EntryPoint","urlTemplate":"https:\/\/belfama.com\/web\/pt\/?s={search_term_string}"},"query-input":"required name=search_term_string"}],"inLanguage":"pt-PT"},{"@type":"Organization","@id":"https:\/\/belfama.com\/web\/pt\/#organization","name":"Belfama","url":"https:\/\/belfama.com\/web\/pt\/","logo":{"@type":"ImageObject","inLanguage":"pt-PT","@id":"https:\/\/belfama.com\/web\/pt\/#\/schema\/logo\/image\/","url":"https:\/\/belfama.com\/web\/wp-content\/uploads\/2022\/03\/Belfama_logo.png","contentUrl":"https:\/\/belfama.com\/web\/wp-content\/uploads\/2022\/03\/Belfama_logo.png","width":1200,"height":581,"caption":"Belfama"},"image":{"@id":"https:\/\/belfama.com\/web\/pt\/#\/schema\/logo\/image\/"}}]}},"_links":{"self":[{"href":"https:\/\/belfama.com\/web\/pt\/wp-json\/wp\/v2\/pages\/12208","targetHints":{"allow":["GET"]}}],"collection":[{"href":"https:\/\/belfama.com\/web\/pt\/wp-json\/wp\/v2\/pages"}],"about":[{"href":"https:\/\/belfama.com\/web\/pt\/wp-json\/wp\/v2\/types\/page"}],"author":[{"embeddable":true,"href":"https:\/\/belfama.com\/web\/pt\/wp-json\/wp\/v2\/users\/1"}],"replies":[{"embeddable":true,"href":"https:\/\/belfama.com\/web\/pt\/wp-json\/wp\/v2\/comments?post=12208"}],"version-history":[{"count":0,"href":"https:\/\/belfama.com\/web\/pt\/wp-json\/wp\/v2\/pages\/12208\/revisions"}],"wp:attachment":[{"href":"https:\/\/belfama.com\/web\/pt\/wp-json\/wp\/v2\/media?parent=12208"}],"curies":[{"name":"wp","href":"https:\/\/api.w.org\/{rel}","templated":true}]}}